{"id":54,"date":"2022-03-06T13:39:45","date_gmt":"2022-03-06T12:39:45","guid":{"rendered":"https:\/\/bdfmulti.stagesite.se\/?page_id=54"},"modified":"2026-02-09T13:55:14","modified_gmt":"2026-02-09T12:55:14","slug":"bygg-och-anlaggningsprogrammet","status":"publish","type":"page","link":"https:\/\/bdfmulti.stagesite.se\/se\/gymnasievalet\/bygg-och-anlaggningsprogrammet\/","title":{"rendered":"Bygg- och anl\u00e4ggningsprogrammet (BA)"},"content":{"rendered":"<p><strong>Redan p\u00e5 gymnasiet kan du st\u00e4lla in ditt sikte p\u00e5 ett roligt och meningsfullt arbetsliv inom byggbranschen. V\u00e4lj bygg- och anl\u00e4ggningsprogrammet (BA) och p\u00e5b\u00f6rja din v\u00e4g mot ett yrkesbevis! <\/strong><\/p>\n<figure class=\"video cookieconsent-optin-marketing\">\n<div class=\"embed-container\"><iframe title=\"Bygg din framtid - Castingfilm\" width=\"500\" height=\"281\" data-cookieconsent=\"marketing\" data-cookieblock-src=\"https:\/\/www.youtube.com\/embed\/Y65Nwn-3eiY?feature=oembed\" frameborder=\"0\" allow=\"accelerometer; autoplay; clipboard-write; encrypted-media; gyroscope; picture-in-picture; web-share\" referrerpolicy=\"strict-origin-when-cross-origin\" allowfullscreen><\/iframe><\/div>\n<\/figure>\n<h2>Om Bygg- &amp; anl\u00e4ggningsprogrammet<\/h2>\n<p>I examensm\u00e5len f\u00f6r bygg- och anl\u00e4ggningsprogrammet st\u00e5r:<\/p>\n<p><em>Utbildningen ska ge kunskaper om och f\u00e4rdigheter i att planera, genomf\u00f6ra, dokumentera och kvalitetss\u00e4kra arbetet med tidsenliga metoder och hj\u00e4lpmedel. Byggare, oavsett yrke, arbetar med nyproduktion, ombyggnad och renovering fr\u00e5n id\u00e9 till f\u00e4rdiga och funktionella lokaler och anl\u00e4ggningar<\/em>.<\/p>\n<h3>Flera inriktningar<\/h3>\n<p>BA-programmet \u00e4r uppdelat p\u00e5 fem inriktningar; husbyggnad, m\u00e5leri, pl\u00e5tslagning, anl\u00e4ggningsfordon och mark &amp; anl\u00e4ggning.<br \/>\nUnder ditt f\u00f6rsta \u00e5r kommer du f\u00e5 chans att prova p\u00e5 samtliga inriktningar. Detta f\u00f6r att du s\u00e4kert ska hitta vad som passar dig b\u00e4st. Under andra och tredje \u00e5ret kommer du sedan successivt fokusera mer och mer p\u00e5 en inriktning och slutligen ett yrke.<\/p>\n<p><em><a href=\"https:\/\/malare.nu\/malare\" target=\"_blank\" rel=\"noopener\">M\u00e5leri<\/a> och <a href=\"https:\/\/platventbyran.se\/\" target=\"_blank\" rel=\"noopener\">pl\u00e5tslageri<\/a> hanteras inte av Bygg din framtid\/BYN. <\/em><\/p>\n<h3>Nog m\u00e5nga yrken f\u00f6r att fylla en hel byggarbetsplats<\/h3>\n<p>Totalt g\u00e5r det att v\u00e4lja mellan hela 16 yrken p\u00e5 BA-programmet. De flesta av dessa ligger under inriktningen husbyggnad, t.ex. <a href=\"https:\/\/bdfmulti.stagesite.se\/se\/yrken\/traarbetare\/\" target=\"_blank\" rel=\"noopener\">tr\u00e4arbetare<\/a>, <a href=\"https:\/\/bdfmulti.stagesite.se\/se\/yrken\/betongarbetare\/\" target=\"_blank\" rel=\"noopener\">betongarbetare<\/a> och <a href=\"https:\/\/bdfmulti.stagesite.se\/se\/yrken\/haltagare\/\" target=\"_blank\" rel=\"noopener\">h\u00e5ltagare<\/a>. Under anl\u00e4ggningsfordon finner du yrket <a href=\"https:\/\/bdfmulti.stagesite.se\/se\/yrken\/maskinforare\/\" target=\"_blank\" rel=\"noopener\">maskinf\u00f6rare<\/a> och under inriktningen mark &amp; anl\u00e4ggning ligger yrken som <a href=\"https:\/\/bdfmulti.stagesite.se\/se\/yrken\/bergarbetare\/\" target=\"_blank\" rel=\"noopener\">bergarbetare<\/a> och <a href=\"https:\/\/bdfmulti.stagesite.se\/se\/yrken\/belaggningsarbetare\/\" target=\"_blank\" rel=\"noopener\">bel\u00e4ggningsarbetare<\/a>.<\/p>\n","protected":false},"excerpt":{"rendered":"<p>Redan p\u00e5 gymnasiet kan du st\u00e4lla in ditt sikte p\u00e5 ett roligt och meningsfullt arbetsliv inom byggbranschen. V\u00e4lj bygg- och anl\u00e4ggningsprogrammet (BA) och p\u00e5b\u00f6rja din v\u00e4g mot ett yrkesbevis!<\/p>\n","protected":false},"author":1,"featured_media":0,"parent":52,"menu_order":30,"comment_status":"closed","ping_status":"closed","template":"template-roadtoindustry.php","meta":{"footnotes":""},"class_list":["post-54","page","type-page","status-publish","hentry"],"_links":{"self":[{"href":"https:\/\/bdfmulti.stagesite.se\/se\/wp-json\/wp\/v2\/pages\/54","targetHints":{"allow":["GET"]}}],"collection":[{"href":"https:\/\/bdfmulti.stagesite.se\/se\/wp-json\/wp\/v2\/pages"}],"about":[{"href":"https:\/\/bdfmulti.stagesite.se\/se\/wp-json\/wp\/v2\/types\/page"}],"author":[{"embeddable":true,"href":"https:\/\/bdfmulti.stagesite.se\/se\/wp-json\/wp\/v2\/users\/1"}],"replies":[{"embeddable":true,"href":"https:\/\/bdfmulti.stagesite.se\/se\/wp-json\/wp\/v2\/comments?post=54"}],"version-history":[{"count":30,"href":"https:\/\/bdfmulti.stagesite.se\/se\/wp-json\/wp\/v2\/pages\/54\/revisions"}],"predecessor-version":[{"id":4707,"href":"https:\/\/bdfmulti.stagesite.se\/se\/wp-json\/wp\/v2\/pages\/54\/revisions\/4707"}],"up":[{"embeddable":true,"href":"https:\/\/bdfmulti.stagesite.se\/se\/wp-json\/wp\/v2\/pages\/52"}],"wp:attachment":[{"href":"https:\/\/bdfmulti.stagesite.se\/se\/wp-json\/wp\/v2\/media?parent=54"}],"curies":[{"name":"wp","href":"https:\/\/api.w.org\/{rel}","templated":true}]}}