{"id":4183,"date":"2022-05-03T11:06:33","date_gmt":"2022-05-03T09:06:33","guid":{"rendered":"https:\/\/bdfmulti.stagesite.se\/?page_id=4183"},"modified":"2022-10-21T14:55:36","modified_gmt":"2022-10-21T12:55:36","slug":"gymnasium","status":"publish","type":"page","link":"https:\/\/bdfmulti.stagesite.se\/se\/vagar-till-byggbranschen\/vagar\/gymnasium\/","title":{"rendered":"Gymnasium"},"content":{"rendered":"<p><strong>Den rakaste v\u00e4gen in i byggbranschen via gymnasiet heter bygg- och anl\u00e4ggningsprogrammet. En tre\u00e5rig utbildning med fokus p\u00e5 teori och praktik, b\u00e5de p\u00e5 plats i skolan och ute p\u00e5 olika f\u00f6retag. <\/strong><\/p>\n<figure class=\"video cookieconsent-optin-marketing\">\n<div class=\"embed-container\"><iframe title=\"Bygg din framtid - Calle &amp; Emelie\" width=\"500\" height=\"281\" data-cookieconsent=\"marketing\" data-cookieblock-src=\"https:\/\/www.youtube.com\/embed\/HWC7nPrhXPU?feature=oembed\" frameborder=\"0\" allow=\"accelerometer; autoplay; clipboard-write; encrypted-media; gyroscope; picture-in-picture; web-share\" referrerpolicy=\"strict-origin-when-cross-origin\" allowfullscreen><\/iframe><\/div>\n<\/figure>\n<h3>FLERA INRIKTNINGAR<\/h3>\n<p>Bygg- och anl\u00e4ggningsprogrammets yrken \u00e4r indelade i fem olika inriktningar. P\u00e5 den h\u00e4r hemsidan presenterar vi tre av dom; <a href=\"https:\/\/bdfmulti.stagesite.se\/se\/yrken\/inriktning\/husbyggnad\/\" target=\"_blank\" rel=\"noopener\">husbyggnad<\/a>, <a href=\"https:\/\/bdfmulti.stagesite.se\/se\/yrken\/inriktning\/anlaggningsfordon\/\" target=\"_blank\" rel=\"noopener\">anl\u00e4ggningsfordon<\/a> samt <a href=\"https:\/\/bdfmulti.stagesite.se\/se\/yrken\/inriktning\/mark-och-anlaggning\/\" target=\"_blank\" rel=\"noopener\">mark och anl\u00e4ggning<\/a>. Ut\u00f6ver dessa finns m\u00e5leri och pl\u00e5tslageri.<\/p>\n<h3>UPPL\u00c4GGET P\u00c5 GYMNASIESKOLAN<\/h3>\n<p><strong>\u00c5k 1 &#8211;<\/strong> Du l\u00e4ser en kombination av gymnasiegemensamma \u00e4mnena och programgemensamma \u00e4mnen (byggteori och byggpraktik p\u00e5 skolan). Programgemensamma \u00e4mnet Bygg och anl\u00e4ggning 1 och 2 ger dig kunskap och orientering om branschens olika yrken s\u00e5 att du inf\u00f6r \u00e5k 2 l\u00e4ttare ska kunna v\u00e4lja vilket yrke som passar just dig b\u00e4st.<\/p>\n<p><strong>\u00c5k 2 &#8211;<\/strong> Du fokuserar p\u00e5 en av inriktningarna; husbyggnad, anl\u00e4ggningsfordon eller mark &amp; anl\u00e4ggning. Under utbildningen varvas teoretisk och praktisk utbildning i skolan med utbildning p\u00e5 en arbetsplats, s\u00e5 kallat arbetsplatsf\u00f6rlagt l\u00e4rande (apl). Du ska ha minst 15 veckors apl under din utbildningstid. Apl sker fr\u00e4mst i \u00e5k 2 och 3, men kan \u00e4ven f\u00f6rekomma under en kort introduktionsperiod i \u00e5k 1 beroende p\u00e5 skolans uppl\u00e4gg.<\/p>\n<p><strong>\u00c5k 3 &#8211;<\/strong> Du \u00e4r helt inriktad p\u00e5 ett yrke och l\u00e4ser nu programf\u00f6rdjupning baserat p\u00e5 detta yrket.<br \/>\nUtbildningstiden p\u00e5 gymnasiet heter grundutbildning.<\/p>\n<p><strong>L\u00e4s mer om <a href=\"https:\/\/bdfmulti.stagesite.se\/se\/gymnasievalet\/bygg-och-anlaggningsprogrammet\/\">uppl\u00e4gget<\/a><\/strong><\/p>\n<h3>Kvalificeringstid<\/h3>\n<p>Tiden efter grundutbildningen heter kvalificeringstid, under denna tid arbetar du som l\u00e4rling p\u00e5 ett f\u00f6retag. Kvalificeringstiden varierar fr\u00e5n 24-36 m\u00e5nader beroende p\u00e5 yrke, d\u00e4refter kan du ans\u00f6ka om yrkesbevis. Under kvalificeringstiden f\u00e5r du l\u00e4rlingsl\u00f6n enligt avtal. Du m\u00e5ste sj\u00e4lv s\u00f6ka anst\u00e4llning som l\u00e4rling p\u00e5 ett f\u00f6retag med kollektivavtal eller h\u00e4ngavtal.<\/p>\n<h3>Gymnasial l\u00e4rling<\/h3>\n<p>P\u00e5 m\u00e5nga gymnasieskolor \u00e4r det m\u00f6jligt att l\u00e4sa ett yrkesprogram som <em>gymnasial l\u00e4rling<\/em>. En elev som g\u00e5r l\u00e4rlingsutbildning i gymnasieskolan (eller specialanpassad gymnasieskola) g\u00f6r minst h\u00e4lften (50%) av utbildningen p\u00e5 en eller flera arbetsplatser.<br \/>\nEn gymnasial l\u00e4rlingsutbildning kan p\u00e5b\u00f6rjas f\u00f6rsta, andra eller tredje l\u00e4s\u00e5ret p\u00e5 gymnasiet. Fr\u00e5n och med det l\u00e4s\u00e5r man b\u00f6rjar sin l\u00e4rlingsutbildning genomf\u00f6rs minst halva utbildningen p\u00e5 en eller flera arbetsplatser. En gymnasial l\u00e4rling f\u00e5r samma kunskaper som de elever som l\u00e4ser ett skolf\u00f6rlagt yrkesprogram, det sker bara i en annan utbildningsmilj\u00f6.<br \/>\nP\u00e5 plats i skolan l\u00e4ser de gymnasiala l\u00e4rlingarna de gymnasiegemensamma \u00e4mnena och eventuellt vissa delar av yrkes\u00e4mnena som beh\u00f6vs i det aktuella yrket, precis som \u00f6vriga elever.<br \/>\nDetta uppl\u00e4gg \u00e4r oftast passande f\u00f6r n\u00e5gon som \u00e4r studietr\u00f6tt eller som vill l\u00e4ra sig ett specialyrke som skolan ifr\u00e5ga inte har l\u00e4rare f\u00f6r t.ex. <a href=\"https:\/\/bdfmulti.stagesite.se\/se\/yrken\/stenmontor\/\">stenmont\u00f6r<\/a>.<\/p>\n<h3>H\u00f6gskolef\u00f6rberedande<\/h3>\n<p>Sj\u00e4lvklart \u00e4r bygg- och anl\u00e4ggningsprogrammet h\u00f6gskolef\u00f6rberedande, om s\u00e5 \u00f6nskas. L\u00e4gg till Svenska 2 och 3, samt Engelska 6. \u00c4ven matematik kan v\u00e4ljas som till\u00e4gg.<br \/>\nFr\u00e5n och med h\u00f6stterminen 2023 kommer alla yrkesprogram vara h\u00f6gskolef\u00f6rberedande.<\/p>\n","protected":false},"excerpt":{"rendered":"<p>Den rakaste v\u00e4gen in i byggbranschen via gymnasiet heter bygg- och anl\u00e4ggningsprogrammet. En tre\u00e5rig utbildning med fokus p\u00e5 teori och praktik, b\u00e5de p\u00e5 plats i skolan och ute p\u00e5 olika f\u00f6retag.<\/p>\n","protected":false},"author":1,"featured_media":4388,"parent":123,"menu_order":10,"comment_status":"closed","ping_status":"closed","template":"","meta":{"footnotes":""},"class_list":["post-4183","page","type-page","status-publish","has-post-thumbnail","hentry"],"_links":{"self":[{"href":"https:\/\/bdfmulti.stagesite.se\/se\/wp-json\/wp\/v2\/pages\/4183","targetHints":{"allow":["GET"]}}],"collection":[{"href":"https:\/\/bdfmulti.stagesite.se\/se\/wp-json\/wp\/v2\/pages"}],"about":[{"href":"https:\/\/bdfmulti.stagesite.se\/se\/wp-json\/wp\/v2\/types\/page"}],"author":[{"embeddable":true,"href":"https:\/\/bdfmulti.stagesite.se\/se\/wp-json\/wp\/v2\/users\/1"}],"replies":[{"embeddable":true,"href":"https:\/\/bdfmulti.stagesite.se\/se\/wp-json\/wp\/v2\/comments?post=4183"}],"version-history":[{"count":24,"href":"https:\/\/bdfmulti.stagesite.se\/se\/wp-json\/wp\/v2\/pages\/4183\/revisions"}],"predecessor-version":[{"id":4778,"href":"https:\/\/bdfmulti.stagesite.se\/se\/wp-json\/wp\/v2\/pages\/4183\/revisions\/4778"}],"up":[{"embeddable":true,"href":"https:\/\/bdfmulti.stagesite.se\/se\/wp-json\/wp\/v2\/pages\/123"}],"wp:featuredmedia":[{"embeddable":true,"href":"https:\/\/bdfmulti.stagesite.se\/se\/wp-json\/wp\/v2\/media\/4388"}],"wp:attachment":[{"href":"https:\/\/bdfmulti.stagesite.se\/se\/wp-json\/wp\/v2\/media?parent=4183"}],"curies":[{"name":"wp","href":"https:\/\/api.w.org\/{rel}","templated":true}]}}